{"id":124,"date":"2026-04-02T17:32:33","date_gmt":"2026-04-02T17:32:33","guid":{"rendered":"https:\/\/gn-whey.de\/?post_type=product&#038;p=124"},"modified":"2026-04-02T17:32:33","modified_gmt":"2026-04-02T17:32:33","slug":"ashwagandha-shoden-60-kapseln","status":"publish","type":"product","link":"https:\/\/gn-whey.de\/en\/product\/ashwagandha-shoden-60-kapseln\/","title":{"rendered":"Ashwagandha Shoden \u2013 60 Kapseln"},"content":{"rendered":"<h2 data-section-id=\"983f7e\" data-start=\"0\" data-end=\"95\"><span role=\"text\"><strong data-start=\"3\" data-end=\"95\">Ashwagandha Shoden\u00ae \u2013 60 Kapseln | Premium-Adaptogen f\u00fcr Stress, Schlaf &amp; innere Balance<\/strong><\/span><\/h2>\n<p data-start=\"97\" data-end=\"439\">Erlebe die Kraft eines der wirksamsten pflanzlichen Adaptogene in <a href=\"https:\/\/gn-whey.de\/en\/product\/hydro-clear-whey-isolat\/\">seiner<\/a> modernsten Form: <strong data-start=\"187\" data-end=\"223\">Ashwagandha Shoden\u00ae \u2013 60 Kapseln<\/strong>. Dieses hochwertige Nahrungserg\u00e4nzungsmittel kombiniert traditionelles Wissen mit innovativer Extraktionstechnologie und liefert dir ein hochkonzentriertes Ashwagandha-Extrakt mit au\u00dfergew\u00f6hnlicher Bioverf\u00fcgbarkeit. Ashwagandha Shoden 60 Kapseln<\/p>\n<p data-start=\"441\" data-end=\"658\">Ob du Stress reduzieren, deinen Schlaf verbessern oder deine mentale und k\u00f6rperliche Leistungsf\u00e4higkeit steigern m\u00f6chtest \u2013 Ashwagandha Shoden\u00ae bietet dir eine <a href=\"https:\/\/gn-whey.de\/en\/product\/nr300-nicotinamid-ribosid\/\">effektive<\/a> und nat\u00fcrliche Unterst\u00fctzung f\u00fcr deinen Alltag.<\/p>\n<hr data-start=\"660\" data-end=\"663\" \/>\n<h2 data-section-id=\"bp7tda\" data-start=\"665\" data-end=\"703\"><span role=\"text\">\ud83c\udf3f <strong data-start=\"671\" data-end=\"703\">Was ist Ashwagandha Shoden\u00ae?<\/strong><\/span><\/h2>\n<p data-start=\"705\" data-end=\"902\">Ashwagandha (Withania somnifera) ist eine der bekanntesten Pflanzen in der traditionellen Anwendung und wird seit Jahrhunderten zur F\u00f6rderung von Ruhe, Energie und innerem <a href=\"https:\/\/gn-whey.de\/en\/product\/shilajit-pro-60-kapseln\/\">Gleichgewicht<\/a> eingesetzt.<\/p>\n<p data-start=\"904\" data-end=\"1183\"><strong data-start=\"904\" data-end=\"915\">Shoden\u00ae<\/strong> ist eine besonders fortschrittliche Form von Ashwagandha-Extrakt, die durch ein innovatives Herstellungsverfahren gewonnen wird. Dieses sorgt f\u00fcr eine hohe Konzentration an Withanoliden \u2013 den aktiven Pflanzenstoffen, die f\u00fcr die positiven Effekte verantwortlich sind.<\/p>\n<hr data-start=\"1185\" data-end=\"1188\" \/>\n<h2 data-section-id=\"i3wgfh\" data-start=\"1190\" data-end=\"1245\"><span role=\"text\">\u2b50 <strong data-start=\"1195\" data-end=\"1245\">Warum Ashwagandha Shoden\u00ae \u2013 60 Kapseln w\u00e4hlen?<\/strong><\/span><\/h2>\n<p data-start=\"1247\" data-end=\"1393\">Im Vergleich zu herk\u00f6mmlichen Ashwagandha-Produkten bietet Shoden\u00ae eine deutlich h\u00f6here Bioverf\u00fcgbarkeit und Wirksamkeit bei geringerer Dosierung.<\/p>\n<h3 data-section-id=\"1ekgefk\" data-start=\"1395\" data-end=\"1436\"><span role=\"text\">\u2714\ufe0f <strong data-start=\"1402\" data-end=\"1436\">Deine Vorteile auf einen Blick<\/strong><\/span><\/h3>\n<ul data-start=\"1438\" data-end=\"1792\">\n<li data-section-id=\"1rtyzdp\" data-start=\"1438\" data-end=\"1488\">Hochkonzentrierter Ashwagandha Shoden\u00ae &#8211;<a href=\"https:\/\/wanagumies.com\/\">Extrakt<\/a><\/li>\n<li data-section-id=\"2bh3ws\" data-start=\"1489\" data-end=\"1540\">Standardisiert auf einen hohen Withanolidgehalt<\/li>\n<li data-section-id=\"pxo70z\" data-start=\"1541\" data-end=\"1592\">Unterst\u00fctzt Stressreduktion und mentale Balance<\/li>\n<li data-section-id=\"1y85b06\" data-start=\"1593\" data-end=\"1622\">F\u00f6rdert erholsamen Schlaf<\/li>\n<li data-section-id=\"eonjnt\" data-start=\"1623\" data-end=\"1677\">Kann die k\u00f6rperliche Leistungsf\u00e4higkeit verbessern<\/li>\n<li data-section-id=\"kwbpwv\" data-start=\"1678\" data-end=\"1723\">60 Kapseln \u2013 ideal f\u00fcr eine 1\u20132-Monatskur<\/li>\n<li data-section-id=\"bactrg\" data-start=\"1724\" data-end=\"1762\">Frei von k\u00fcnstlichen Zusatzstoffen<\/li>\n<li data-section-id=\"wd9mdc\" data-start=\"1763\" data-end=\"1792\">Vegan und gut vertr\u00e4glich<\/li>\n<\/ul>\n<hr data-start=\"1794\" data-end=\"1797\" \/>\n<h2 data-section-id=\"36cp32\" data-start=\"1799\" data-end=\"1851\"><span role=\"text\">\ud83d\udcaa <strong data-start=\"1805\" data-end=\"1851\">Wirkung &amp; Vorteile von Ashwagandha Shoden\u00ae<\/strong><\/span><\/h2>\n<h3 data-section-id=\"ncpxg6\" data-start=\"1853\" data-end=\"1893\"><span role=\"text\">\ud83e\uddd8 <strong data-start=\"1860\" data-end=\"1893\">Stressreduktion &amp; innere Ruhe<\/strong><\/span><\/h3>\n<p data-start=\"1894\" data-end=\"2064\">Ashwagandha ist bekannt f\u00fcr seine adaptogenen <a href=\"https:\/\/en.wikipedia.org\/wiki\/Electronic_cigarette\">Eigenschaften<\/a>. Es hilft dem K\u00f6rper, besser mit Stress umzugehen und f\u00f6rdert ein Gef\u00fchl der Entspannung und Ausgeglichenheit.<\/p>\n<h3 data-section-id=\"rsvl0m\" data-start=\"2066\" data-end=\"2108\"><span role=\"text\">\ud83d\ude34 <strong data-start=\"2073\" data-end=\"2108\">Verbesserung der Schlafqualit\u00e4t<\/strong><\/span><\/h3>\n<p data-start=\"2109\" data-end=\"2196\">Viele Anwender berichten von schnellerem Einschlafen und tieferem, erholsamerem Schlaf.<\/p>\n<h3 data-section-id=\"1ml0ft0\" data-start=\"2198\" data-end=\"2233\"><span role=\"text\">\ud83e\udde0 <strong data-start=\"2205\" data-end=\"2233\">Mentale Klarheit &amp; Fokus<\/strong><\/span><\/h3>\n<p data-start=\"2234\" data-end=\"2345\">Ashwagandha kann die Konzentration f\u00f6rdern und geistige Ersch\u00f6pfung reduzieren \u2013 ideal f\u00fcr anspruchsvolle Tage.<\/p>\n<h3 data-section-id=\"1d15g8n\" data-start=\"2347\" data-end=\"2404\"><span role=\"text\">\ud83d\udcaa <strong data-start=\"2354\" data-end=\"2404\">Steigerung der k\u00f6rperlichen Leistungsf\u00e4higkeit<\/strong><\/span><\/h3>\n<p data-start=\"2405\" data-end=\"2534\">Studien zeigen, dass Ashwagandha die Muskelkraft und <a href=\"http:\/\/Bing.com\">Ausdauer<\/a> unterst\u00fctzen kann, was es besonders f\u00fcr Sportler interessant macht.<\/p>\n<h3 data-section-id=\"1k4i497\" data-start=\"2536\" data-end=\"2585\"><span role=\"text\">\u2764\ufe0f <strong data-start=\"2543\" data-end=\"2585\">Unterst\u00fctzung des Hormongleichgewichts<\/strong><\/span><\/h3>\n<p data-start=\"2586\" data-end=\"2700\">Ashwagandha kann helfen, das hormonelle Gleichgewicht zu stabilisieren und das allgemeine Wohlbefinden zu f\u00f6rdern.<\/p>\n<hr data-start=\"2702\" data-end=\"2705\" \/>\n<h2 data-section-id=\"8xi5vh\" data-start=\"2707\" data-end=\"2741\"><span role=\"text\">\ud83e\uddec <strong data-start=\"2713\" data-end=\"2741\">Inhaltsstoffe &amp; Qualit\u00e4t<\/strong><\/span><\/h2>\n<p data-start=\"2743\" data-end=\"2764\"><strong data-start=\"2743\" data-end=\"2764\">Hauptbestandteil:<\/strong><\/p>\n<ul data-start=\"2765\" data-end=\"2815\">\n<li data-section-id=\"d2sycz\" data-start=\"2765\" data-end=\"2815\">Ashwagandha Shoden\u00ae Extrakt (Withania somnifera)<\/li>\n<\/ul>\n<p data-start=\"2817\" data-end=\"2842\"><strong data-start=\"2817\" data-end=\"2842\">Weitere Bestandteile:<\/strong><\/p>\n<ul data-start=\"2843\" data-end=\"2868\">\n<li data-section-id=\"xeai1p\" data-start=\"2843\" data-end=\"2868\">Pflanzliche Kapselh\u00fclle<\/li>\n<\/ul>\n<p data-start=\"2870\" data-end=\"2987\">Unser Produkt wird unter h\u00f6chsten Qualit\u00e4tsstandards hergestellt und regelm\u00e4\u00dfig auf Reinheit und Wirksamkeit gepr\u00fcft.<\/p>\n<hr data-start=\"2989\" data-end=\"2992\" \/>\n<h2 data-section-id=\"1bhchor\" data-start=\"2994\" data-end=\"3021\"><span role=\"text\">\ud83e\udd57 <strong data-start=\"3000\" data-end=\"3021\">Verzehrempfehlung<\/strong><\/span><\/h2>\n<p data-start=\"3023\" data-end=\"3125\">Nimm t\u00e4glich <strong data-start=\"3036\" data-end=\"3051\">1\u20132 Kapseln<\/strong> mit ausreichend Wasser ein, vorzugsweise am Abend oder zu einer Mahlzeit.<\/p>\n<p data-start=\"3127\" data-end=\"3197\"><strong data-start=\"3127\" data-end=\"3139\">Hinweis:<\/strong> Die empfohlene t\u00e4gliche Verzehrmenge nicht \u00fcberschreiten.<\/p>\n<hr data-start=\"3199\" data-end=\"3202\" \/>\n<h2 data-section-id=\"1by8yrd\" data-start=\"3204\" data-end=\"3255\"><span role=\"text\">\ud83c\udfaf <strong data-start=\"3210\" data-end=\"3255\">F\u00fcr wen ist Ashwagandha Shoden\u00ae geeignet?<\/strong><\/span><\/h2>\n<ul data-start=\"3257\" data-end=\"3455\">\n<li data-section-id=\"vl067g\" data-start=\"3257\" data-end=\"3291\">Menschen mit hohem Stresslevel<\/li>\n<li data-section-id=\"1wz14vp\" data-start=\"3292\" data-end=\"3324\">Personen mit Schlafproblemen<\/li>\n<li data-section-id=\"qs5ypn\" data-start=\"3325\" data-end=\"3364\">Berufst\u00e4tige mit mentaler Belastung<\/li>\n<li data-section-id=\"ch4x2m\" data-start=\"3365\" data-end=\"3402\">Sportler und Fitness-Enthusiasten<\/li>\n<li data-section-id=\"1e82w7n\" data-start=\"3403\" data-end=\"3455\">Alle, die ihre innere Balance verbessern m\u00f6chten<\/li>\n<\/ul>\n<hr data-start=\"3457\" data-end=\"3460\" \/>\n<h2 data-section-id=\"1j55sbj\" data-start=\"3462\" data-end=\"3486\"><span role=\"text\">\ud83d\udce6 <strong data-start=\"3468\" data-end=\"3486\">Produktdetails<\/strong><\/span><\/h2>\n<ul data-start=\"3488\" data-end=\"3681\">\n<li data-section-id=\"cf6u7e\" data-start=\"3488\" data-end=\"3528\"><strong data-start=\"3490\" data-end=\"3506\">Produktname:<\/strong> Ashwagandha Shoden\u00ae<\/li>\n<li data-section-id=\"153jmbw\" data-start=\"3529\" data-end=\"3555\"><strong data-start=\"3531\" data-end=\"3542\">Inhalt:<\/strong> 60 Kapseln<\/li>\n<li data-section-id=\"maxayy\" data-start=\"3556\" data-end=\"3577\"><strong data-start=\"3558\" data-end=\"3567\">Form:<\/strong> Kapseln<\/li>\n<li data-section-id=\"7xhabc\" data-start=\"3578\" data-end=\"3630\"><strong data-start=\"3580\" data-end=\"3592\">Extrakt:<\/strong> Hochkonzentriert und standardisiert<\/li>\n<li data-section-id=\"1n2o4ze\" data-start=\"3631\" data-end=\"3681\"><strong data-start=\"3633\" data-end=\"3648\">Verpackung:<\/strong> Wiederverschlie\u00dfbarer Beh\u00e4lter<\/li>\n<\/ul>\n<p data-start=\"3726\" data-end=\"3892\">Ashwagandha Shoden kaufen, Ashwagandha Kapseln 60 St\u00fcck, Ashwagandha Wirkung Stress, Adaptogen gegen Stress, Ashwagandha Schlaf verbessern, Shoden Extrakt Deutschland<\/p>\n<hr data-start=\"3894\" data-end=\"3897\" \/>\n<h2 data-section-id=\"1o0yjo3\" data-start=\"3899\" data-end=\"3940\"><span role=\"text\">\ud83c\udf1f <strong data-start=\"3905\" data-end=\"3940\">Was macht Shoden\u00ae so besonders?<\/strong><\/span><\/h2>\n<p data-start=\"3942\" data-end=\"4054\">Die Shoden\u00ae-Technologie erm\u00f6glicht eine besonders effiziente Extraktion der aktiven Inhaltsstoffe. Dadurch wird:<\/p>\n<ul data-start=\"4056\" data-end=\"4174\">\n<li data-section-id=\"1v0gd2f\" data-start=\"4056\" data-end=\"4097\">eine h\u00f6here Bioverf\u00fcgbarkeit erreicht<\/li>\n<li data-section-id=\"g6kpt2\" data-start=\"4098\" data-end=\"4135\">eine geringere Dosierung ben\u00f6tigt<\/li>\n<li data-section-id=\"1ydzzc4\" data-start=\"4136\" data-end=\"4174\">eine schnellere Wirkung erm\u00f6glicht<\/li>\n<\/ul>\n<p data-start=\"4176\" data-end=\"4298\">Im Vergleich zu herk\u00f6mmlichen Ashwagandha-Extrakten ist Shoden\u00ae eine der modernsten und effektivsten Formen auf dem Markt.<\/p>\n<hr data-start=\"4300\" data-end=\"4303\" \/>\n<h2 data-section-id=\"1ao62az\" data-start=\"4305\" data-end=\"4348\"><span role=\"text\">\ud83e\uddd8 <strong data-start=\"4311\" data-end=\"4348\">Ashwagandha im Alltag integrieren<\/strong><\/span><\/h2>\n<p data-start=\"4350\" data-end=\"4509\">Die regelm\u00e4\u00dfige Einnahme von Ashwagandha Shoden\u00ae kann dir helfen, deinen Alltag entspannter und fokussierter zu gestalten. Besonders sinnvoll ist die Einnahme:<\/p>\n<ul data-start=\"4511\" data-end=\"4633\">\n<li data-section-id=\"18d424q\" data-start=\"4511\" data-end=\"4549\">am Abend zur F\u00f6rderung des Schlafs<\/li>\n<li data-section-id=\"1jjsya0\" data-start=\"4550\" data-end=\"4580\">in stressigen Lebensphasen<\/li>\n<li data-section-id=\"16cqe9o\" data-start=\"4581\" data-end=\"4633\">w\u00e4hrend intensiver Arbeits- oder Trainingszeiten<\/li>\n<\/ul>\n<p data-start=\"4635\" data-end=\"4724\">In Kombination mit einem gesunden Lebensstil entfaltet Ashwagandha sein volles Potenzial.<\/p>\n<hr data-start=\"4726\" data-end=\"4729\" \/>\n<h2 data-section-id=\"800u9k\" data-start=\"4731\" data-end=\"4769\"><span role=\"text\">\u2753 <strong data-start=\"4736\" data-end=\"4769\">H\u00e4ufig gestellte Fragen (FAQ)<\/strong><\/span><\/h2>\n<h3 data-section-id=\"1fqv9om\" data-start=\"4771\" data-end=\"4847\"><span role=\"text\"><strong data-start=\"4775\" data-end=\"4845\">Was ist der Unterschied zwischen Shoden\u00ae und normalem Ashwagandha?<\/strong><\/span><\/h3>\n<p data-start=\"4848\" data-end=\"4950\">Shoden\u00ae ist ein hochkonzentrierter Extrakt mit besserer Bioverf\u00fcgbarkeit und h\u00f6herem Withanolidgehalt.<\/p>\n<h3 data-section-id=\"1ntftj2\" data-start=\"4952\" data-end=\"5000\"><span role=\"text\"><strong data-start=\"4956\" data-end=\"4998\">Wie schnell wirkt Ashwagandha Shoden\u00ae?<\/strong><\/span><\/h3>\n<p data-start=\"5001\" data-end=\"5087\">Viele Anwender berichten bereits nach wenigen Tagen bis Wochen von positiven Effekten.<\/p>\n<h3 data-section-id=\"wjol52\" data-start=\"5089\" data-end=\"5138\"><span role=\"text\"><strong data-start=\"5093\" data-end=\"5136\">Kann ich Ashwagandha t\u00e4glich einnehmen?<\/strong><\/span><\/h3>\n<p data-start=\"5139\" data-end=\"5195\">Ja, die t\u00e4gliche Einnahme ist \u00fcblich und wird empfohlen.<\/p>\n<h3 data-section-id=\"15mj8tw\" data-start=\"5197\" data-end=\"5239\"><span role=\"text\"><strong data-start=\"5201\" data-end=\"5237\">Hilft Ashwagandha beim Schlafen?<\/strong><\/span><\/h3>\n<p data-start=\"5240\" data-end=\"5310\">Ja, es kann die Schlafqualit\u00e4t verbessern und beim Einschlafen helfen.<\/p>\n<h3 data-section-id=\"vu7jet\" data-start=\"5312\" data-end=\"5345\"><span role=\"text\"><strong data-start=\"5316\" data-end=\"5343\">Gibt es Nebenwirkungen?<\/strong><\/span><\/h3>\n<p data-start=\"5346\" data-end=\"5438\">Ashwagandha gilt als gut vertr\u00e4glich. Bei Unsicherheiten sollte ein Arzt konsultiert werden.<\/p>\n<h3 data-section-id=\"1me260p\" data-start=\"5440\" data-end=\"5472\"><span role=\"text\"><strong data-start=\"5444\" data-end=\"5470\">Ist das Produkt vegan?<\/strong><\/span><\/h3>\n<p data-start=\"5473\" data-end=\"5536\">Ja, die Kapseln sind pflanzlich und somit f\u00fcr Veganer geeignet.<\/p>\n<h3 data-section-id=\"1dwc5hq\" data-start=\"5538\" data-end=\"5577\"><span role=\"text\"><strong data-start=\"5542\" data-end=\"5575\">Ist es f\u00fcr Sportler geeignet?<\/strong><\/span><\/h3>\n<p data-start=\"5578\" data-end=\"5643\">Ja, es kann die Leistungsf\u00e4higkeit und Regeneration unterst\u00fctzen.<\/p>\n<hr data-start=\"5645\" data-end=\"5648\" \/>\n<h2 data-section-id=\"qs42f5\" data-start=\"5650\" data-end=\"5718\"><span role=\"text\">\ud83d\ude80 <strong data-start=\"5656\" data-end=\"5718\">Fazit: Dein nat\u00fcrlicher Begleiter f\u00fcr Balance und Leistung<\/strong><\/span><\/h2>\n<p data-start=\"5720\" data-end=\"5921\">Mit <strong data-start=\"5724\" data-end=\"5760\">Ashwagandha Shoden\u00ae \u2013 60 Kapseln<\/strong> erh\u00e4ltst du ein hochwertiges, modernes Adaptogen, das dich dabei unterst\u00fctzt, Stress zu reduzieren, besser zu schlafen und deine Leistungsf\u00e4higkeit zu steigern.<\/p>\n<p data-start=\"5923\" data-end=\"6087\">Die Kombination aus traditioneller Pflanzenkraft und innovativer Technologie macht dieses Produkt zu einer erstklassigen Wahl f\u00fcr deine t\u00e4gliche Gesundheitsroutine.<\/p>\n<p data-start=\"6089\" data-end=\"6155\" data-is-last-node=\"\" data-is-only-node=\"\">","protected":false},"excerpt":{"rendered":"<h2 data-section-id=\"1by8yrd\" data-start=\"3204\" data-end=\"3255\"><span role=\"text\"><strong data-start=\"3210\" data-end=\"3255\">F\u00fcr wen ist Ashwagandha Shoden geeignet?<\/strong><\/span><\/h2>\n<ul data-start=\"3257\" data-end=\"3455\">\n<li data-section-id=\"vl067g\" data-start=\"3257\" data-end=\"3291\">Menschen mit hohem Stresslevel<\/li>\n<li data-section-id=\"1wz14vp\" data-start=\"3292\" data-end=\"3324\">Personen mit Schlafproblemen<\/li>\n<li data-section-id=\"qs5ypn\" data-start=\"3325\" data-end=\"3364\">Berufst\u00e4tige mit mentaler Belastung<\/li>\n<li data-section-id=\"ch4x2m\" data-start=\"3365\" data-end=\"3402\">Sportler und Fitness-Enthusiasten<\/li>\n<li data-section-id=\"1e82w7n\" data-start=\"3403\" data-end=\"3455\">Alle, die ihre innere Balance verbessern m\u00f6chten<\/li>\n<\/ul>","protected":false},"featured_media":125,"comment_status":"open","ping_status":"closed","template":"","meta":[],"product_brand":[17],"product_cat":[21,19],"product_tag":[33,45,32,34,44],"class_list":{"0":"post-124","1":"product","2":"type-product","3":"status-publish","4":"has-post-thumbnail","6":"product_brand-gn-laboratories","7":"product_cat-schlaf-erholung","8":"product_cat-vitalstoffe","9":"product_tag-100-dairy-whey-protein","10":"product_tag-ashwagandha-shoden-60-kapseln","11":"product_tag-dairy-whey-protein","12":"product_tag-hydro-clear-whey-isolat","13":"product_tag-nr300-nicotinamid-ribosid","15":"first","16":"instock","17":"sale","18":"shipping-taxable","19":"purchasable","20":"product-type-simple"},"yoast_head":"<!-- This site is optimized with the Yoast SEO plugin v27.5 - https:\/\/yoast.com\/product\/yoast-seo-wordpress\/ -->\n<title>Ashwagandha Shoden 60 Kapseln - Gn Whey<\/title>\n<meta name=\"description\" content=\"Ashwagandha Shoden 60 Kapseln, erh\u00e4ltst du ein hochwertiges, modernes Adaptogen, das dich dabei unterst\u00fctzt, Stress zu reduzieren, besser zu schlafen.\" \/>\n<meta name=\"robots\" content=\"index, follow, max-snippet:-1, max-image-preview:large, max-video-preview:-1\" \/>\n<link rel=\"canonical\" href=\"https:\/\/gn-whey.de\/en\/product\/ashwagandha-shoden-60-kapseln\/\" \/>\n<meta property=\"og:locale\" content=\"en_US\" \/>\n<meta property=\"og:type\" content=\"article\" \/>\n<meta property=\"og:title\" content=\"Ashwagandha Shoden 60 Kapseln - Gn Whey\" \/>\n<meta property=\"og:description\" content=\"Ashwagandha Shoden 60 Kapseln, erh\u00e4ltst du ein hochwertiges, modernes Adaptogen, das dich dabei unterst\u00fctzt, Stress zu reduzieren, besser zu schlafen.\" \/>\n<meta property=\"og:url\" content=\"https:\/\/gn-whey.de\/en\/product\/ashwagandha-shoden-60-kapseln\/\" \/>\n<meta property=\"og:site_name\" content=\"Gn Whey\" \/>\n<meta property=\"og:image\" content=\"https:\/\/gn-whey.de\/wp-content\/uploads\/2026\/04\/Ashwagandha_Shoden.webp\" \/>\n\t<meta property=\"og:image:width\" content=\"540\" \/>\n\t<meta property=\"og:image:height\" content=\"535\" \/>\n\t<meta property=\"og:image:type\" content=\"image\/webp\" \/>\n<meta name=\"twitter:card\" content=\"summary_large_image\" \/>\n<meta name=\"twitter:label1\" content=\"Est. reading time\" \/>\n\t<meta name=\"twitter:data1\" content=\"4 minutes\" \/>\n<script type=\"application\/ld+json\" class=\"yoast-schema-graph\">{\"@context\":\"https:\\\/\\\/schema.org\",\"@graph\":[{\"@type\":\"WebPage\",\"@id\":\"https:\\\/\\\/gn-whey.de\\\/product\\\/ashwagandha-shoden-60-kapseln\\\/\",\"url\":\"https:\\\/\\\/gn-whey.de\\\/product\\\/ashwagandha-shoden-60-kapseln\\\/\",\"name\":\"Ashwagandha Shoden 60 Kapseln - Gn Whey\",\"isPartOf\":{\"@id\":\"https:\\\/\\\/gn-whey.de\\\/#website\"},\"primaryImageOfPage\":{\"@id\":\"https:\\\/\\\/gn-whey.de\\\/product\\\/ashwagandha-shoden-60-kapseln\\\/#primaryimage\"},\"image\":{\"@id\":\"https:\\\/\\\/gn-whey.de\\\/product\\\/ashwagandha-shoden-60-kapseln\\\/#primaryimage\"},\"thumbnailUrl\":\"https:\\\/\\\/gn-whey.de\\\/wp-content\\\/uploads\\\/2026\\\/04\\\/Ashwagandha_Shoden.webp\",\"datePublished\":\"2026-04-02T17:32:33+00:00\",\"description\":\"Ashwagandha Shoden 60 Kapseln, erh\u00e4ltst du ein hochwertiges, modernes Adaptogen, das dich dabei unterst\u00fctzt, Stress zu reduzieren, besser zu schlafen.\",\"breadcrumb\":{\"@id\":\"https:\\\/\\\/gn-whey.de\\\/product\\\/ashwagandha-shoden-60-kapseln\\\/#breadcrumb\"},\"inLanguage\":\"en-US\",\"potentialAction\":[{\"@type\":\"ReadAction\",\"target\":[\"https:\\\/\\\/gn-whey.de\\\/product\\\/ashwagandha-shoden-60-kapseln\\\/\"]}]},{\"@type\":\"ImageObject\",\"inLanguage\":\"en-US\",\"@id\":\"https:\\\/\\\/gn-whey.de\\\/product\\\/ashwagandha-shoden-60-kapseln\\\/#primaryimage\",\"url\":\"https:\\\/\\\/gn-whey.de\\\/wp-content\\\/uploads\\\/2026\\\/04\\\/Ashwagandha_Shoden.webp\",\"contentUrl\":\"https:\\\/\\\/gn-whey.de\\\/wp-content\\\/uploads\\\/2026\\\/04\\\/Ashwagandha_Shoden.webp\",\"width\":540,\"height\":535,\"caption\":\"Ashwagandha Shoden 60 Kapseln\"},{\"@type\":\"BreadcrumbList\",\"@id\":\"https:\\\/\\\/gn-whey.de\\\/product\\\/ashwagandha-shoden-60-kapseln\\\/#breadcrumb\",\"itemListElement\":[{\"@type\":\"ListItem\",\"position\":1,\"name\":\"Home\",\"item\":\"https:\\\/\\\/gn-whey.de\\\/\"},{\"@type\":\"ListItem\",\"position\":2,\"name\":\"Alle Produtke\",\"item\":\"https:\\\/\\\/gn-whey.de\\\/shop\\\/\"},{\"@type\":\"ListItem\",\"position\":3,\"name\":\"Ashwagandha Shoden \u2013 60 Kapseln\"}]},{\"@type\":\"WebSite\",\"@id\":\"https:\\\/\\\/gn-whey.de\\\/#website\",\"url\":\"https:\\\/\\\/gn-whey.de\\\/\",\"name\":\"Gn Whey\",\"description\":\"My WordPress Blog\",\"potentialAction\":[{\"@type\":\"SearchAction\",\"target\":{\"@type\":\"EntryPoint\",\"urlTemplate\":\"https:\\\/\\\/gn-whey.de\\\/?s={search_term_string}\"},\"query-input\":{\"@type\":\"PropertyValueSpecification\",\"valueRequired\":true,\"valueName\":\"search_term_string\"}}],\"inLanguage\":\"en-US\"}]}<\/script>\n<!-- \/ Yoast SEO plugin. -->","yoast_head_json":{"title":"Ashwagandha Shoden 60 Kapseln - Gn Whey","description":"Ashwagandha Shoden 60 Kapseln, erh\u00e4ltst du ein hochwertiges, modernes Adaptogen, das dich dabei unterst\u00fctzt, Stress zu reduzieren, besser zu schlafen.","robots":{"index":"index","follow":"follow","max-snippet":"max-snippet:-1","max-image-preview":"max-image-preview:large","max-video-preview":"max-video-preview:-1"},"canonical":"https:\/\/gn-whey.de\/en\/product\/ashwagandha-shoden-60-kapseln\/","og_locale":"en_US","og_type":"article","og_title":"Ashwagandha Shoden 60 Kapseln - Gn Whey","og_description":"Ashwagandha Shoden 60 Kapseln, erh\u00e4ltst du ein hochwertiges, modernes Adaptogen, das dich dabei unterst\u00fctzt, Stress zu reduzieren, besser zu schlafen.","og_url":"https:\/\/gn-whey.de\/en\/product\/ashwagandha-shoden-60-kapseln\/","og_site_name":"Gn Whey","og_image":[{"width":540,"height":535,"url":"https:\/\/gn-whey.de\/wp-content\/uploads\/2026\/04\/Ashwagandha_Shoden.webp","type":"image\/webp"}],"twitter_card":"summary_large_image","twitter_misc":{"Est. reading time":"4 minutes"},"schema":{"@context":"https:\/\/schema.org","@graph":[{"@type":"WebPage","@id":"https:\/\/gn-whey.de\/product\/ashwagandha-shoden-60-kapseln\/","url":"https:\/\/gn-whey.de\/product\/ashwagandha-shoden-60-kapseln\/","name":"Ashwagandha Shoden 60 Kapseln - Gn Whey","isPartOf":{"@id":"https:\/\/gn-whey.de\/#website"},"primaryImageOfPage":{"@id":"https:\/\/gn-whey.de\/product\/ashwagandha-shoden-60-kapseln\/#primaryimage"},"image":{"@id":"https:\/\/gn-whey.de\/product\/ashwagandha-shoden-60-kapseln\/#primaryimage"},"thumbnailUrl":"https:\/\/gn-whey.de\/wp-content\/uploads\/2026\/04\/Ashwagandha_Shoden.webp","datePublished":"2026-04-02T17:32:33+00:00","description":"Ashwagandha Shoden 60 Kapseln, erh\u00e4ltst du ein hochwertiges, modernes Adaptogen, das dich dabei unterst\u00fctzt, Stress zu reduzieren, besser zu schlafen.","breadcrumb":{"@id":"https:\/\/gn-whey.de\/product\/ashwagandha-shoden-60-kapseln\/#breadcrumb"},"inLanguage":"en-US","potentialAction":[{"@type":"ReadAction","target":["https:\/\/gn-whey.de\/product\/ashwagandha-shoden-60-kapseln\/"]}]},{"@type":"ImageObject","inLanguage":"en-US","@id":"https:\/\/gn-whey.de\/product\/ashwagandha-shoden-60-kapseln\/#primaryimage","url":"https:\/\/gn-whey.de\/wp-content\/uploads\/2026\/04\/Ashwagandha_Shoden.webp","contentUrl":"https:\/\/gn-whey.de\/wp-content\/uploads\/2026\/04\/Ashwagandha_Shoden.webp","width":540,"height":535,"caption":"Ashwagandha Shoden 60 Kapseln"},{"@type":"BreadcrumbList","@id":"https:\/\/gn-whey.de\/product\/ashwagandha-shoden-60-kapseln\/#breadcrumb","itemListElement":[{"@type":"ListItem","position":1,"name":"Home","item":"https:\/\/gn-whey.de\/"},{"@type":"ListItem","position":2,"name":"Alle Produtke","item":"https:\/\/gn-whey.de\/shop\/"},{"@type":"ListItem","position":3,"name":"Ashwagandha Shoden \u2013 60 Kapseln"}]},{"@type":"WebSite","@id":"https:\/\/gn-whey.de\/#website","url":"https:\/\/gn-whey.de\/","name":"Gn Whey","description":"My WordPress Blog","potentialAction":[{"@type":"SearchAction","target":{"@type":"EntryPoint","urlTemplate":"https:\/\/gn-whey.de\/?s={search_term_string}"},"query-input":{"@type":"PropertyValueSpecification","valueRequired":true,"valueName":"search_term_string"}}],"inLanguage":"en-US"}]}},"_links":{"self":[{"href":"https:\/\/gn-whey.de\/en\/wp-json\/wp\/v2\/product\/124","targetHints":{"allow":["GET"]}}],"collection":[{"href":"https:\/\/gn-whey.de\/en\/wp-json\/wp\/v2\/product"}],"about":[{"href":"https:\/\/gn-whey.de\/en\/wp-json\/wp\/v2\/types\/product"}],"replies":[{"embeddable":true,"href":"https:\/\/gn-whey.de\/en\/wp-json\/wp\/v2\/comments?post=124"}],"wp:featuredmedia":[{"embeddable":true,"href":"https:\/\/gn-whey.de\/en\/wp-json\/wp\/v2\/media\/125"}],"wp:attachment":[{"href":"https:\/\/gn-whey.de\/en\/wp-json\/wp\/v2\/media?parent=124"}],"wp:term":[{"taxonomy":"product_brand","embeddable":true,"href":"https:\/\/gn-whey.de\/en\/wp-json\/wp\/v2\/product_brand?post=124"},{"taxonomy":"product_cat","embeddable":true,"href":"https:\/\/gn-whey.de\/en\/wp-json\/wp\/v2\/product_cat?post=124"},{"taxonomy":"product_tag","embeddable":true,"href":"https:\/\/gn-whey.de\/en\/wp-json\/wp\/v2\/product_tag?post=124"}],"curies":[{"name":"wp","href":"https:\/\/api.w.org\/{rel}","templated":true}]}}